{"id":54,"date":"2025-06-19T14:20:11","date_gmt":"2025-06-19T14:20:11","guid":{"rendered":"https:\/\/avbetulkaraaslan.com\/?page_id=54"},"modified":"2025-06-19T14:20:11","modified_gmt":"2025-06-19T14:20:11","slug":"ceza-hukuku","status":"publish","type":"page","link":"https:\/\/avbetulkaraaslan.com\/index.php\/ceza-hukuku\/","title":{"rendered":"Ceza Hukuku"},"content":{"rendered":"\n<h4 class=\"wp-block-heading\"><strong>Ceza Hukuku Nedir? Ceza Hukuku Hangi konular\u0131 kapsar?<\/strong><\/h4>\n\n\n\n<p><strong>Ceza<\/strong> hukuku,&nbsp;\u00f6zel hukuk \/&nbsp;kamu hukuku&nbsp;ayr\u0131m\u0131 i\u00e7erisinde <strong>KAMU<\/strong> hukuku alt ba\u015fl\u0131\u011f\u0131nda yer alan bir hukuk dal\u0131d\u0131r.<\/p>\n\n\n\n<p>Toplum d\u00fczenini sa\u011flamaya y\u00f6nelik kurallar b\u00fct\u00fcn\u00fcd\u00fcr. Ceza hukukunda m\u00fceyyide&nbsp;<strong>fizikidir<\/strong>. Yani Ceza&nbsp;Kanunu a\u00e7\u0131s\u0131ndan temel m\u00fceyyide <strong>h\u00fcrriyeti k\u0131s\u0131tlay\u0131c\u0131 ceza<\/strong> bi\u00e7imindedir.<\/p>\n\n\n\n<h6 class=\"wp-block-heading\"><strong>CEZA HUKUKUNUN AMA\u00c7LAR<\/strong>I<\/h6>\n\n\n\n<ul class=\"wp-block-list\">\n<li>Islah edici olmak.<\/li>\n\n\n\n<li>Toplumsal d\u00fczeni sa\u011flamak.<\/li>\n\n\n\n<li>Bu sebepledir ki ceza hukukunun ama\u00e7lar\u0131 aras\u0131nda \u00f6\u00e7 almak yoktur.<\/li>\n\n\n\n<li>Ceza hukukunun en temel amac\u0131\u00a0su\u00e7\u00a0i\u015fleyen kimseleri yeniden topluma kazand\u0131rabilmektir.<\/li>\n\n\n\n<li>Bu anlamda ceza hukukunda k\u0131sas yasakt\u0131r. Yani \u00f6rne\u011fin bir kimse ba\u015fkas\u0131n\u0131n kolunu k\u0131rd\u0131\u011f\u0131nda, k\u0131ran ki\u015finin de kolu ceza olarak k\u0131r\u0131lmaz.<\/li>\n<\/ul>\n\n\n\n<h6 class=\"wp-block-heading\"><strong>CEZA HUKUKUNUN KONULARI<\/strong><\/h6>\n\n\n\n<ul class=\"wp-block-list\">\n<li>Su\u00e7lar<\/li>\n\n\n\n<li>Cezalar\u0131<\/li>\n\n\n\n<li>Emniyet tedbirleri: Bazen ortada su\u00e7 vard\u0131r, ceza vard\u0131r ama cezay\u0131 tatbik etmek m\u00fcmk\u00fcn olmayabilir. \u0130\u015fte bu durumda emniyet tedbirleri devreye girer.<\/li>\n<\/ul>\n\n\n\n<p><strong>Y\u00dcR\u00dcL\u00dcK (bug\u00fcnk\u00fc durum)<\/strong><\/p>\n\n\n\n<p>2005 y\u0131l\u0131nda y\u00fcr\u00fcrl\u00fckten kald\u0131r\u0131lan 765 Say\u0131l\u0131 Ceza&nbsp;Kanunumuzun kayna\u011f\u0131 \u0130talya\u2019d\u0131r.<\/p>\n\n\n\n<p>S\u00f6z konusu bu ceza kanunumuz 1926 y\u0131l\u0131nda y\u00fcr\u00fcrl\u00fc\u011fe giren bir kanunun idi.<\/p>\n\n\n\n<p>Ancak Yeni Ceza Kanunumuz 2004 y\u0131l\u0131nda Resmi Gazetede yay\u0131mlan\u0131p, 2005 y\u0131l\u0131nda y\u00fcr\u00fcrl\u00fc\u011fe girmi\u015ftir.<\/p>\n","protected":false},"excerpt":{"rendered":"<p>Ceza Hukuku Nedir? Ceza Hukuku Hangi konular\u0131 kapsar? Ceza hukuku,&nbsp;\u00f6zel hukuk \/&nbsp;kamu hukuku&nbsp;ayr\u0131m\u0131 i\u00e7erisinde KAMU hukuku alt ba\u015fl\u0131\u011f\u0131nda yer alan bir hukuk dal\u0131d\u0131r. Toplum d\u00fczenini sa\u011flamaya y\u00f6nelik kurallar b\u00fct\u00fcn\u00fcd\u00fcr. Ceza hukukunda m\u00fceyyide&nbsp;fizikidir. Yani Ceza&nbsp;Kanunu a\u00e7\u0131s\u0131ndan temel m\u00fceyyide h\u00fcrriyeti k\u0131s\u0131tlay\u0131c\u0131 ceza bi\u00e7imindedir. CEZA HUKUKUNUN AMA\u00c7LARI CEZA HUKUKUNUN KONULARI Y\u00dcR\u00dcL\u00dcK (bug\u00fcnk\u00fc durum) 2005 y\u0131l\u0131nda y\u00fcr\u00fcrl\u00fckten kald\u0131r\u0131lan 765 [&hellip;]<\/p>\n","protected":false},"author":1,"featured_media":0,"parent":0,"menu_order":0,"comment_status":"closed","ping_status":"closed","template":"","meta":{"footnotes":""},"class_list":["post-54","page","type-page","status-publish","hentry"],"_links":{"self":[{"href":"https:\/\/avbetulkaraaslan.com\/index.php\/wp-json\/wp\/v2\/pages\/54","targetHints":{"allow":["GET"]}}],"collection":[{"href":"https:\/\/avbetulkaraaslan.com\/index.php\/wp-json\/wp\/v2\/pages"}],"about":[{"href":"https:\/\/avbetulkaraaslan.com\/index.php\/wp-json\/wp\/v2\/types\/page"}],"author":[{"embeddable":true,"href":"https:\/\/avbetulkaraaslan.com\/index.php\/wp-json\/wp\/v2\/users\/1"}],"replies":[{"embeddable":true,"href":"https:\/\/avbetulkaraaslan.com\/index.php\/wp-json\/wp\/v2\/comments?post=54"}],"version-history":[{"count":1,"href":"https:\/\/avbetulkaraaslan.com\/index.php\/wp-json\/wp\/v2\/pages\/54\/revisions"}],"predecessor-version":[{"id":60,"href":"https:\/\/avbetulkaraaslan.com\/index.php\/wp-json\/wp\/v2\/pages\/54\/revisions\/60"}],"wp:attachment":[{"href":"https:\/\/avbetulkaraaslan.com\/index.php\/wp-json\/wp\/v2\/media?parent=54"}],"curies":[{"name":"wp","href":"https:\/\/api.w.org\/{rel}","templated":true}]}}